{"id":375,"date":"2026-03-05T15:13:30","date_gmt":"2026-03-05T14:13:30","guid":{"rendered":"http:\/\/dailo.pl\/?post_type=product&#038;p=375"},"modified":"2026-03-11T14:43:49","modified_gmt":"2026-03-11T13:43:49","slug":"rozrusznik-samochodowy","status":"publish","type":"product","link":"https:\/\/dailo.pl\/index.php\/produkt\/rozrusznik-samochodowy\/","title":{"rendered":"Rozrusznik Samochodowy"},"content":{"rendered":"<p>\u2500\u2500\u2500\u2500\u2500\u2500\u2500\u2500\u2500\u2500\u2500\u2500\u2500\u2500\u2500\u2500\u2500\u2500\u2500\u2500\u2500\u2500\u2500\u2500\u2500\u2500\u2500\u2500\u2500\u2500\u2500\u2500\u2500\u2500\u2500\u2500\u2500\u2500\u2500\u2500<br \/>\nProfesjonalny Jump Starter 7000A<br \/>\nMobilne \u017ar\u00f3d\u0142o energii i bezpiecze\u0144stwa<br \/>\n\u2500\u2500\u2500\u2500\u2500\u2500\u2500\u2500\u2500\u2500\u2500\u2500\u2500\u2500\u2500\u2500\u2500\u2500\u2500\u2500\u2500\u2500\u2500\u2500\u2500\u2500\u2500\u2500\u2500\u2500\u2500\u2500\u2500\u2500\u2500\u2500\u2500\u2500\u2500\u2500<\/p>\n<p>Niezawodna moc zawsze wtedy, gdy najbardziej jej potrzebujesz.<\/p>\n<p>Jump starter o wysokiej wydajno\u015bci zosta\u0142 zaprojektowany z my\u015bl\u0105 o kierowcach, kt\u00f3rzy oczekuj\u0105 bezpiecze\u0144stwa, niezawodno\u015bci oraz pe\u0142nej gotowo\u015bci w ka\u017cdej sytuacji na drodze. Dzi\u0119ki imponuj\u0105cemu pr\u0105dowi szczytowemu 7000A urz\u0105dzenie umo\u017cliwia szybkie uruchomienie pojazdu nawet przy roz\u0142adowanym akumulatorze.<\/p>\n<p>Kompaktowa konstrukcja oraz wysoka wydajno\u015b\u0107 sprawiaj\u0105, \u017ce urz\u0105dzenie idealnie sprawdza si\u0119 zar\u00f3wno podczas codziennego u\u017cytkowania samochodu, jak i w trakcie d\u0142ugich podr\u00f3\u017cy.<\/p>\n<p>\u2500\u2500\u2500\u2500\u2500\u2500\u2500\u2500\u2500\u2500\u2500\u2500\u2500\u2500\u2500\u2500\u2500\u2500\u2500\u2500\u2500\u2500\u2500\u2500\u2500\u2500\u2500\u2500\u2500\u2500\u2500\u2500\u2500\u2500\u2500\u2500\u2500\u2500\u2500\u2500<br \/>\nNatychmiastowy rozruch pojazdu<br \/>\n\u2500\u2500\u2500\u2500\u2500\u2500\u2500\u2500\u2500\u2500\u2500\u2500\u2500\u2500\u2500\u2500\u2500\u2500\u2500\u2500\u2500\u2500\u2500\u2500\u2500\u2500\u2500\u2500\u2500\u2500\u2500\u2500\u2500\u2500\u2500\u2500\u2500\u2500\u2500\u2500<\/p>\n<p>Szczytowy pr\u0105d rozruchowy 7000A pozwala uruchomi\u0107 pojazdy wyposa\u017cone w silniki benzynowe oraz diesla o pojemno\u015bci do 10.0L.<\/p>\n<p>Solidne, wytrzyma\u0142e klemy zapewniaj\u0105 stabilne i bezpieczne po\u0142\u0105czenie z akumulatorem, umo\u017cliwiaj\u0105c rozruch pojazdu w zaledwie kilka sekund.<\/p>\n<p>Urz\u0105dzenie zachowuje pe\u0142n\u0105 skuteczno\u015b\u0107 pracy nawet w trudnych warunkach temperaturowych od -20\u00b0C do 60\u00b0C, co zapewnia niezawodno\u015b\u0107 zar\u00f3wno zim\u0105, jak i w czasie upa\u0142\u00f3w.<\/p>\n<p>\u2500\u2500\u2500\u2500\u2500\u2500\u2500\u2500\u2500\u2500\u2500\u2500\u2500\u2500\u2500\u2500\u2500\u2500\u2500\u2500\u2500\u2500\u2500\u2500\u2500\u2500\u2500\u2500\u2500\u2500\u2500\u2500\u2500\u2500\u2500\u2500\u2500\u2500\u2500\u2500<br \/>\nZintegrowana latarka LED<br \/>\n\u2500\u2500\u2500\u2500\u2500\u2500\u2500\u2500\u2500\u2500\u2500\u2500\u2500\u2500\u2500\u2500\u2500\u2500\u2500\u2500\u2500\u2500\u2500\u2500\u2500\u2500\u2500\u2500\u2500\u2500\u2500\u2500\u2500\u2500\u2500\u2500\u2500\u2500\u2500\u2500<\/p>\n<p>Wbudowana latarka LED zapewnia mocne o\u015bwietlenie podczas sytuacji awaryjnych, nocnych podr\u00f3\u017cy lub pracy przy poje\u017adzie.<\/p>\n<p>Dost\u0119pne tryby o\u015bwietlenia:<\/p>\n<p>\u2022 \u015bwiat\u0142o ci\u0105g\u0142e<br \/>\n\u2022 powolny b\u0142ysk<br \/>\n\u2022 szybki b\u0142ysk<br \/>\n\u2022 tryb SOS<\/p>\n<p>R\u00f3\u017cne tryby pracy pozwalaj\u0105 dopasowa\u0107 o\u015bwietlenie do aktualnej sytuacji, zwi\u0119kszaj\u0105c bezpiecze\u0144stwo u\u017cytkownika.<\/p>\n<p>\u2500\u2500\u2500\u2500\u2500\u2500\u2500\u2500\u2500\u2500\u2500\u2500\u2500\u2500\u2500\u2500\u2500\u2500\u2500\u2500\u2500\u2500\u2500\u2500\u2500\u2500\u2500\u2500\u2500\u2500\u2500\u2500\u2500\u2500\u2500\u2500\u2500\u2500\u2500\u2500<br \/>\nFunkcja mobilnego power banku<br \/>\n\u2500\u2500\u2500\u2500\u2500\u2500\u2500\u2500\u2500\u2500\u2500\u2500\u2500\u2500\u2500\u2500\u2500\u2500\u2500\u2500\u2500\u2500\u2500\u2500\u2500\u2500\u2500\u2500\u2500\u2500\u2500\u2500\u2500\u2500\u2500\u2500\u2500\u2500\u2500\u2500<\/p>\n<p>Urz\u0105dzenie pe\u0142ni r\u00f3wnie\u017c funkcj\u0119 wydajnego power banku, dzi\u0119ki czemu mo\u017ce zasila\u0107 urz\u0105dzenia mobilne w dowolnym miejscu.<\/p>\n<p>Dwa inteligentne porty USB umo\u017cliwiaj\u0105 jednoczesne \u0142adowanie smartfona, tabletu lub innych urz\u0105dze\u0144 elektronicznych.<\/p>\n<p>Port szybkiego \u0142adowania 18W zapewnia szybkie i bezpieczne uzupe\u0142nienie energii, co jest szczeg\u00f3lnie przydatne podczas podr\u00f3\u017cy lub w sytuacjach awaryjnych.<\/p>\n<p>\u2500\u2500\u2500\u2500\u2500\u2500\u2500\u2500\u2500\u2500\u2500\u2500\u2500\u2500\u2500\u2500\u2500\u2500\u2500\u2500\u2500\u2500\u2500\u2500\u2500\u2500\u2500\u2500\u2500\u2500\u2500\u2500\u2500\u2500\u2500\u2500\u2500\u2500\u2500\u2500<\/p>\n<p>Jedno urz\u0105dzenie, kt\u00f3re zapewnia niezale\u017cno\u015b\u0107, bezpiecze\u0144stwo oraz dost\u0119p do energii zawsze wtedy, gdy jest najbardziej potrzebna.<\/p>\n","protected":false},"excerpt":{"rendered":"<p><strong data-start=\"261\" data-end=\"280\">!CENA PROMOCYJNA!<\/strong><\/p>\n<p><img decoding=\"async\" class=\"alignnone size-full wp-image-76\" src=\"http:\/\/dailo.pl\/wp-content\/uploads\/2025\/10\/Projekt-bez-nazwy.png\" alt=\"\" width=\"230\" height=\"113\" \/><\/p>\n","protected":false},"featured_media":376,"comment_status":"open","ping_status":"closed","template":"","meta":{"ocean_post_layout":"","ocean_both_sidebars_style":"","ocean_both_sidebars_content_width":0,"ocean_both_sidebars_sidebars_width":0,"ocean_sidebar":"0","ocean_second_sidebar":"0","ocean_disable_margins":"enable","ocean_add_body_class":"","ocean_shortcode_before_top_bar":"","ocean_shortcode_after_top_bar":"","ocean_shortcode_before_header":"","ocean_shortcode_after_header":"","ocean_has_shortcode":"","ocean_shortcode_after_title":"","ocean_shortcode_before_footer_widgets":"","ocean_shortcode_after_footer_widgets":"","ocean_shortcode_before_footer_bottom":"","ocean_shortcode_after_footer_bottom":"","ocean_display_top_bar":"default","ocean_display_header":"default","ocean_header_style":"","ocean_center_header_left_menu":"0","ocean_custom_header_template":"0","ocean_custom_logo":0,"ocean_custom_retina_logo":0,"ocean_custom_logo_max_width":0,"ocean_custom_logo_tablet_max_width":0,"ocean_custom_logo_mobile_max_width":0,"ocean_custom_logo_max_height":0,"ocean_custom_logo_tablet_max_height":0,"ocean_custom_logo_mobile_max_height":0,"ocean_header_custom_menu":"0","ocean_menu_typo_font_family":"0","ocean_menu_typo_font_subset":"","ocean_menu_typo_font_size":0,"ocean_menu_typo_font_size_tablet":0,"ocean_menu_typo_font_size_mobile":0,"ocean_menu_typo_font_size_unit":"px","ocean_menu_typo_font_weight":"","ocean_menu_typo_font_weight_tablet":"","ocean_menu_typo_font_weight_mobile":"","ocean_menu_typo_transform":"","ocean_menu_typo_transform_tablet":"","ocean_menu_typo_transform_mobile":"","ocean_menu_typo_line_height":0,"ocean_menu_typo_line_height_tablet":0,"ocean_menu_typo_line_height_mobile":0,"ocean_menu_typo_line_height_unit":"","ocean_menu_typo_spacing":0,"ocean_menu_typo_spacing_tablet":0,"ocean_menu_typo_spacing_mobile":0,"ocean_menu_typo_spacing_unit":"","ocean_menu_link_color":"","ocean_menu_link_color_hover":"","ocean_menu_link_color_active":"","ocean_menu_link_background":"","ocean_menu_link_hover_background":"","ocean_menu_link_active_background":"","ocean_menu_social_links_bg":"","ocean_menu_social_hover_links_bg":"","ocean_menu_social_links_color":"","ocean_menu_social_hover_links_color":"","ocean_disable_title":"default","ocean_disable_heading":"default","ocean_post_title":"","ocean_post_subheading":"","ocean_post_title_style":"","ocean_post_title_background_color":"","ocean_post_title_background":0,"ocean_post_title_bg_image_position":"","ocean_post_title_bg_image_attachment":"","ocean_post_title_bg_image_repeat":"","ocean_post_title_bg_image_size":"","ocean_post_title_height":0,"ocean_post_title_bg_overlay":0.5,"ocean_post_title_bg_overlay_color":"","ocean_disable_breadcrumbs":"default","ocean_breadcrumbs_color":"","ocean_breadcrumbs_separator_color":"","ocean_breadcrumbs_links_color":"","ocean_breadcrumbs_links_hover_color":"","ocean_display_footer_widgets":"default","ocean_display_footer_bottom":"default","ocean_custom_footer_template":"0"},"product_brand":[],"product_cat":[63,68,15],"product_tag":[83,82,84],"class_list":{"0":"post-375","1":"product","2":"type-product","3":"status-publish","4":"has-post-thumbnail","6":"product_cat-auto","7":"product_cat-narzedzia","8":"product_cat-nasze-produkty","9":"product_tag-naprawa","10":"product_tag-narzedzia","11":"product_tag-samochod","13":"entry","14":"has-media","16":"first","17":"instock","18":"sale","19":"shipping-taxable","20":"purchasable","21":"product-type-variable","22":"has-product-nav","23":"col","24":"span_1_of_3","25":"owp-content-center","26":"owp-thumbs-layout-horizontal","27":"owp-btn-normal","28":"owp-tabs-layout-horizontal"},"jetpack_sharing_enabled":true,"_links":{"self":[{"href":"https:\/\/dailo.pl\/index.php\/wp-json\/wp\/v2\/product\/375","targetHints":{"allow":["GET"]}}],"collection":[{"href":"https:\/\/dailo.pl\/index.php\/wp-json\/wp\/v2\/product"}],"about":[{"href":"https:\/\/dailo.pl\/index.php\/wp-json\/wp\/v2\/types\/product"}],"replies":[{"embeddable":true,"href":"https:\/\/dailo.pl\/index.php\/wp-json\/wp\/v2\/comments?post=375"}],"wp:featuredmedia":[{"embeddable":true,"href":"https:\/\/dailo.pl\/index.php\/wp-json\/wp\/v2\/media\/376"}],"wp:attachment":[{"href":"https:\/\/dailo.pl\/index.php\/wp-json\/wp\/v2\/media?parent=375"}],"wp:term":[{"taxonomy":"product_brand","embeddable":true,"href":"https:\/\/dailo.pl\/index.php\/wp-json\/wp\/v2\/product_brand?post=375"},{"taxonomy":"product_cat","embeddable":true,"href":"https:\/\/dailo.pl\/index.php\/wp-json\/wp\/v2\/product_cat?post=375"},{"taxonomy":"product_tag","embeddable":true,"href":"https:\/\/dailo.pl\/index.php\/wp-json\/wp\/v2\/product_tag?post=375"}],"curies":[{"name":"wp","href":"https:\/\/api.w.org\/{rel}","templated":true}]}}